{"id":554,"date":"2017-02-25T17:10:08","date_gmt":"2017-02-25T16:10:08","guid":{"rendered":"http:\/\/royal.websicherheit.at\/?page_id=554"},"modified":"2025-03-12T09:06:08","modified_gmt":"2025-03-12T08:06:08","slug":"agb","status":"publish","type":"page","link":"https:\/\/royalrangers.ch\/aufla-mittellandmitte\/agb\/","title":{"rendered":"AGB"},"content":{"rendered":"<div   class='avia-fullscreen-slider main_color   avia-builder-el-0  el_before_av_heading  avia-builder-el-first  container_wrap sidebar_right'  ><a href='#next-section' title='' class='scroll-down-link av-control-default avia-svg-icon avia-font-svg_entypo-fontello' data-av_svg_icon='down-open-mini' data-av_iconset='svg_entypo-fontello'><svg version=\"1.1\" xmlns=\"http:\/\/www.w3.org\/2000\/svg\" width=\"15\" height=\"32\" viewBox=\"0 0 15 32\" preserveAspectRatio=\"xMidYMid meet\" aria-labelledby='av-svg-title-1' aria-describedby='av-svg-desc-1' role=\"graphics-symbol\" aria-hidden=\"true\">\n<title id='av-svg-title-1'>Scroll to next section<\/title>\n<desc id='av-svg-desc-1'>Scroll to next section<\/desc>\n<path d=\"M12.96 12.16q0.704-0.832 1.536 0 0.832 0.704 0 1.536l-6.272 6.144q-0.704 0.704-1.536 0l-6.272-6.144q-0.832-0.832 0-1.536 0.768-0.768 1.6 0l5.44 4.992z\"><\/path>\n<\/svg><\/a><div  class='avia-slideshow av-34lo2-a8eccceb0f588ad1416d003cbbdce32b avia-slideshow-extra_large av_fullscreen avia-slide-slider av-slideshow-ui av-control-default av-slideshow-manual av-loop-once av-loop-manual-endless av-slider-scroll-down-active av-default-height-applied   avia-slideshow-1' data-slideshow-options=\"{&quot;animation&quot;:&quot;slide&quot;,&quot;autoplay&quot;:false,&quot;loop_autoplay&quot;:&quot;once&quot;,&quot;interval&quot;:5,&quot;loop_manual&quot;:&quot;manual-endless&quot;,&quot;autoplay_stopper&quot;:false,&quot;noNavigation&quot;:false,&quot;bg_slider&quot;:true,&quot;keep_padding&quot;:false,&quot;hoverpause&quot;:false,&quot;show_slide_delay&quot;:0,&quot;slide_height&quot;:&quot;100&quot;,&quot;image_attachment&quot;:&quot;&quot;}\"  itemprop=\"image\" itemscope=\"itemscope\" itemtype=\"https:\/\/schema.org\/ImageObject\" ><ul class='avia-slideshow-inner ' style='padding-bottom: 44.133333333333%;'><li style='background-position:Center Center;' data-img-url='https:\/\/royalrangers.ch\/aufla-mittellandmitte\/wp-content\/uploads\/DSC_032137-e1519333719874-1500x662.jpg' class='avia-slideshow-slide av-34lo2-a8eccceb0f588ad1416d003cbbdce32b__0  av-single-slide slide-1 slide-odd'><div data-rel='slideshow-1' class='avia-slide-wrap '   ><\/div><\/li><\/ul><\/div><\/div><div id='after_full_slider_1'  class='main_color av_default_container_wrap container_wrap sidebar_right'  ><div class='container av-section-cont-open' ><div class='template-page content  av-content-small alpha units'><div class='post-entry post-entry-type-page post-entry-554'><div class='entry-content-wrapper clearfix'>\n\n<style type=\"text\/css\" data-created_by=\"avia_inline_auto\" id=\"style-css-av-b6n0y-aba9e8c3c257d5a0de129e573c8ce41c\">\n#top .av-special-heading.av-b6n0y-aba9e8c3c257d5a0de129e573c8ce41c{\npadding-bottom:30px;\nfont-size:60px;\n}\nbody .av-special-heading.av-b6n0y-aba9e8c3c257d5a0de129e573c8ce41c .av-special-heading-tag .heading-char{\nfont-size:25px;\n}\n#top #wrap_all .av-special-heading.av-b6n0y-aba9e8c3c257d5a0de129e573c8ce41c .av-special-heading-tag{\nfont-size:60px;\n}\n.av-special-heading.av-b6n0y-aba9e8c3c257d5a0de129e573c8ce41c .av-subheading{\nfont-size:15px;\n}\n\n@media only screen and (min-width: 480px) and (max-width: 767px){ \n#top #wrap_all .av-special-heading.av-b6n0y-aba9e8c3c257d5a0de129e573c8ce41c .av-special-heading-tag{\nfont-size:0.8em;\n}\n}\n\n@media only screen and (max-width: 479px){ \n#top #wrap_all .av-special-heading.av-b6n0y-aba9e8c3c257d5a0de129e573c8ce41c .av-special-heading-tag{\nfont-size:0.8em;\n}\n}\n<\/style>\n<div  class='av-special-heading av-b6n0y-aba9e8c3c257d5a0de129e573c8ce41c av-special-heading-h2 blockquote modern-quote modern-centered  avia-builder-el-1  el_after_av_fullscreen  el_before_av_one_full  avia-builder-el-first  av-inherit-size'><h2 class='av-special-heading-tag '  itemprop=\"headline\"  >agb.<\/h2><div class=\"special-heading-border\"><div class=\"special-heading-inner-border\"><\/div><\/div><\/div>\n\n<style type=\"text\/css\" data-created_by=\"avia_inline_auto\" id=\"style-css-av-dz52y-16a964764845b0e7f79a7b91e199fcee\">\n.flex_column.av-dz52y-16a964764845b0e7f79a7b91e199fcee{\nborder-radius:0px 0px 0px 0px;\npadding:0px 0px 0px 0px;\n}\n<\/style>\n<div  class='flex_column av-dz52y-16a964764845b0e7f79a7b91e199fcee av_one_full  avia-builder-el-2  el_after_av_heading  avia-builder-el-last  first flex_column_div av-zero-column-padding  '     ><section  class='av_textblock_section av-bbxm2-890f54214af28b3c3bef058943b67f61 '   itemscope=\"itemscope\" itemtype=\"https:\/\/schema.org\/CreativeWork\" ><div class='avia_textblock'  itemprop=\"text\" ><h2><strong>Anl\u00e4sse von youthnet.events werden \u00fcber die Netzwerk-Plattform youthnet SPM administriert. Es gelten die AGB von youthnet SPM: <\/strong><\/h2>\n<p><strong>\u00a0<\/strong><\/p>\n<h2><strong>Allgemeine Gesch\u00e4ftsbestimmungen (AGB) \u2013 <\/strong><strong>Stand: 12.03.2025<\/strong><\/h2>\n<p><strong style=\"font-size: 20px;\">1. Spendenbasiert \u2013 kostendeckend \u2013 sozial<\/strong><\/p>\n<p>youthnet SPM finanziert sich von Spenden aus dem Verband der Schweizerischen Pfingstmission (SPM), Partnerverb\u00e4nden, Partnerkirchen und dem Gewinn von Events und Ausbildungen. Dabei sind wir auf zus\u00e4tzliche finanzielle Unterst\u00fctzung angewiesen. Einzel- und juristische Personen haben die M\u00f6glichkeit, als Promoter die Arbeit von youthnet SPM als Spender, G\u00f6nner, Sponsoren oder durch Beitritt in einen F\u00f6rderkreis zu unterst\u00fctzen.<\/p>\n<p>Um allen Gesellschaftsschichten und Familien gerecht zu werden, bieten wir zur Teilnahme an unseren Events und Ausbildungen kosteng\u00fcnstigere Fr\u00fchbucherrabatte an. youthnet SPM hat einen Sozialfonds und bietet in Zusammenarbeit mit lokalen Kirchen und Gruppen finanzielle Unterst\u00fctzung f\u00fcr Ausbildungen und Events.<\/p>\n<p>Eventkosten k\u00f6nnen im Laufe der Anmeldephase unangek\u00fcndigt der Teuerung angepasst werden, falls dies aus wirtschaftlichen Gr\u00fcnden notwendig wird.<\/p>\n<p><strong style=\"font-size: 20px;\">2. Das Vertragsverh\u00e4ltnis<\/strong><\/p>\n<p>Mit der Anmeldung als Teilnehmer an einem unserer Events oder einer unserer Ausbildungen entsteht ein Vertragsverh\u00e4ltnis zwischen dem Teilnehmer bzw. dessen Erziehungsberechtigten und youthnet SPM als Organisator. Die vorliegenden Allgemeinen Gesch\u00e4ftsbestimmungen (AGB) werden damit zur Grundlage des Vertrages. Die AGB k\u00f6nnen durch die \u201eSpezifischen Eventregeln\u201c \u00fcbersteuert werden. Werden weitere Organisationen in die Eventorganisation oder den Anmeldeprozess eingebunden (z.B. Kirchen, Royal Rangers Vereine, Hotels) gelten erg\u00e4nzend f\u00fcr ihren Vertragsteil oder ihre Dienstleistungen auch ihre AGB.<\/p>\n<p>Aus genannten Gr\u00fcnden ist es nicht erlaubt, Anmeldungen f\u00fcr andere Personen zu t\u00e4tigen, insbesondere dabei eigene E-Mail-Adressen zu nutzen. Eine Ausnahme bilden hier Erziehungsberechtigte f\u00fcr ihre Kinder.<\/p>\n<p><strong style=\"font-size: 20px;\">3. Minderj\u00e4hrige und ihre erziehungsberechtigten Personen<\/strong><\/p>\n<p>Bei der Registrierung von minderj\u00e4hrigen Personen wird die Mailadresse der erziehungsberechtigten Person abgefragt, diese wird per Mail \u00fcber das Registrations- und Zahlungsverfahren informiert.<\/p>\n<p><strong style=\"font-size: 20px;\">4. Zahlungsfluss \u2013 Zahlungsfristen \u2013 Mahnungen \u2013 Tageskassen<\/strong><\/p>\n<p>Mit dem Abschluss der Anmeldung wird die Zahlung f\u00e4llig. Es erfolgt zeitgleich eine personifizierte Zahlungsaufforderung, welche den Eingang der Anmeldung best\u00e4tigt. Der Teilnehmer wird aufgefordert, den Event- \/ Ausbildungsbetrag online oder per QR-Rechnung zu begleichen. Aus Sicherheitsgr\u00fcnden und um unsere Personal- und Administrationskosten tief zu halten, verfolgen wir das Ziel, m\u00f6glichst alle administrativen und finanziellen Angelegenheiten vor dem Event online und automatisiert zu organisieren. Sobald die Zahlung bei uns verbucht wurde, erh\u00e4lt der Teilnehmer eine entsprechende Zahlungsbest\u00e4tigung. Nach Ablauf der Zahlungsfrist erfolgt der automatisierte Versand einer Mahnung, um den Teilnehmer auf das Vers\u00e4umnis aufmerksam zu machen, bzw. fehlgeleitete Zahlungen aufzudecken. Rechnungen, welche vom Teilnehmer nicht vor dem Eventbeginn beglichen wurden, erfahren eine Erh\u00f6hung von 10.00 CHF bei Barinkasso oder werden der Tageskasse gleichgestellt.<\/p>\n<p><strong style=\"font-size: 20px;\">5. \u00dcbertragbarkeit \/ Abmeldungen \/ Widerruf \/ R\u00fccktritt \/ Absage des Events<\/strong><\/p>\n<p><u>5.1. Allgemein:<\/u>\u00a0Als Organisator verpflichten wir uns mit vielen volont\u00e4ren Mitarbeitern, den Event im Vorfeld f\u00fcr die Teilnehmer seri\u00f6s vorzubereiten und sicher zu gestalten. Dies geschieht unter finanziellem Aufwand von personellen, infrastrukturellen, werbe- und versicherungstechnischen, digitalen und materiellen Ressourcen. youthnet SPM (Eventplattform), volont\u00e4re Mitarbeiter (Leiter), Teilnehmer und externe Organisationen beteiligen sich finanziell als Partner an den Vorbereitungen, der Durchf\u00fchrung und einer m\u00f6glichen Absage eines Events.<\/p>\n<p><u>5.2. \u00dcbertragbarkeit:<\/u>\u00a0Anmeldungen haben pers\u00f6nlichen Charakter und k\u00f6nnen nicht auf andere Personen \u00fcbertragen werden.<\/p>\n<p><u>5.3. Abmeldungen \/ Widerruf \/ R\u00fccktritt \/ Abmeldegeb\u00fchr \/ Fixkostenbeitrag: <\/u>Annullationen verursachen einen erheblichen administrativen Mehraufwand. Darum bitten wir bei Verhinderung um m\u00f6glichst fr\u00fchzeitigen Bescheid. Generell wird f\u00fcr\u00a0jede Annullation Fr. 50.\u2013 und die bereits aufgelaufenen Kosten verrechnet. Bei Annullation weniger als 4 Wochen vor Eventstart verrechnen wir mindestens 50% des Eventbeitrages, aber mindestens Fr. 50.\u2013. Bei Annullation weniger als 5 Tage vor dem Event wird der gesamte Eventbeitrag verrechnet. Eventbeitr\u00e4ge unter Fr. 50.\u2013 werden nicht zur\u00fcckverg\u00fctet.<\/p>\n<p><u>5.4. Absage des Events aufgrund h\u00f6herer Gewalt<\/u><\/p>\n<p>Sollten unvorhersehbare oder nicht abwendbare Ereignisse die Durchf\u00fchrung eines Events erheblich erschweren, gef\u00e4hrden oder verunm\u00f6glichen, kann dieser auch kurzfristig abgesagt werden. Dies kann zum Beispiel aufgrund h\u00f6herer Gewalt (Umwelteinfl\u00fcsse, Erdbeben, Katastrophen, politischer Massnahmen oder Unruhen, Terrorakte, Epidemien, Pandemien, Quarant\u00e4nen, Streiks, etc.) geschehen. Dabei beteiligen sich die Teilnehmer solidarisch an den aufgelaufenen Kosten des Eventsmanagements. Der Deckungsbeitrag wird vom Veranstalter festgelegt. Wir empfehlen dringend eine pers\u00f6nliche Versicherung f\u00fcr solche F\u00e4lle abzuschliessen.<\/p>\n<p><strong style=\"font-size: 20px;\">6. Datenverwendung \/ Informationen \/ Werbung \/ Spendenaufrufe<\/strong><\/p>\n<p>Daten aus dem Registrationsverfahren eines Events oder einer Ausbildung werden in elektronischer Form gespeichert und k\u00f6nnen f\u00fcr Zwecke des Organisators bzw. des Verbandes \u201eyouthnet SPM\u201c verwendet werden. Wird der Anlass unter \u201eJugend und Sport (J+S)\u201c durchgef\u00fchrt, werden die notwendigen Daten an die Partnerorganisationen \u201eyouthnet events\u201c,\u201cAF+\u201c und \u201eJugend und Sport (J+S)\u201c weitergeleitet. Findet eine Zusammenarbeit mit einer externen Organisation statt, werden die notwendigen Informationen an diese weitergeleitet (z.B. an Hotels oder Reiseorganisationen). Der Teilnehmer kann mittels Account ( <a href=\"http:\/\/www.youthnet.ch\/account\">www.youthnet.ch\/account<\/a> ) auf seine pers\u00f6nlichen Daten Einsicht nehmen.<\/p>\n<p>Basierend auf den pers\u00f6nlichen Daten (Schulungsstatus, Funktion im Verband, Altersgruppe, etc) erh\u00e4lt der Teilnehmer weitere, auf ihn zugeschnittene Angebote von youthnet per Mail, Newsletter oder per Post. Er kann diesen Informationsfluss auf seinem Account verwalten und selber steuern. Ansonsten werden die Daten nicht weitergegeben.<\/p>\n<p><strong style=\"font-size: 20px;\">7. Bild- und Tonaufnahmen, Social Media<\/strong><\/p>\n<p>Wir behalten uns vor, gemachte Bild- und Tonaufnahmen f\u00fcr Werbe-, Informationszwecke oder f\u00fcr unsere Verbandsliteratur zu verwenden. Diese k\u00f6nnen auch auf Websites und in Social Medias eingesetzt werden.<\/p>\n<p><strong style=\"font-size: 20px;\">8. Haftung \/ Versicherungen<\/strong><\/p>\n<p>Ist in jedem Fall Sache des Teilnehmers. Bei Anl\u00e4ssen der in der Anmeldung erw\u00e4hnten Organisation besteht f\u00fcr Sch\u00e4den an gemieteten Objekten keine Versicherung. Der Inhaber der elterlichen Gewalt haftet f\u00fcr Sch\u00e4den, welche durch seine Kinder verursacht werden. Der Organisator \u00fcbernimmt daf\u00fcr keine Haftung. Jeder Teilnehmer verpflichtet sich, eine Kranken- und Unfallversicherung abzuschliessen. Ebenfalls empfehlen wir, eine Privathaft-pflichtversicherung abzuschliessen. Personen, welche eine Leitungsverantwortung an einem unserer Events oder einer unserer Ausbildungen wahrnehmen, verpflichten sich, eine Privathaftpflichtversicherung abzuschliessen. Die Verantwortung der Kostendeckung einer notwendigen Annulation durch Krankheit, Todesfall, etc. oder einer unumg\u00e4nglichen R\u00fcckreise tr\u00e4gt allein der Kunde. Es wird dringend empfohlen, eine entsprechende Versicherung abzuschliessen und darauf zu achten, dass aufgelaufene Kosten wie unter Punkt 5.4 (Absagen aufgrund h\u00f6herer Gewalt von Seiten des Organisators) miteingeschlossen sind.<\/p>\n<p>F\u00fcr verlorene oder gestohlene Wertgegenst\u00e4nde \u00fcbernehmen wir keine Haftung.<\/p>\n<p><strong style=\"font-size: 20px;\">9. Gerichtsstand<\/strong><\/p>\n<p>Der Gerichtsstand ist Dietikon.<\/p>\n<\/div><\/section><\/div>\n","protected":false},"excerpt":{"rendered":"","protected":false},"author":1,"featured_media":0,"parent":0,"menu_order":0,"comment_status":"closed","ping_status":"closed","template":"","meta":{"footnotes":""},"class_list":["post-554","page","type-page","status-publish","hentry"],"_links":{"self":[{"href":"https:\/\/royalrangers.ch\/aufla-mittellandmitte\/wp-json\/wp\/v2\/pages\/554","targetHints":{"allow":["GET"]}}],"collection":[{"href":"https:\/\/royalrangers.ch\/aufla-mittellandmitte\/wp-json\/wp\/v2\/pages"}],"about":[{"href":"https:\/\/royalrangers.ch\/aufla-mittellandmitte\/wp-json\/wp\/v2\/types\/page"}],"author":[{"embeddable":true,"href":"https:\/\/royalrangers.ch\/aufla-mittellandmitte\/wp-json\/wp\/v2\/users\/1"}],"replies":[{"embeddable":true,"href":"https:\/\/royalrangers.ch\/aufla-mittellandmitte\/wp-json\/wp\/v2\/comments?post=554"}],"version-history":[{"count":6,"href":"https:\/\/royalrangers.ch\/aufla-mittellandmitte\/wp-json\/wp\/v2\/pages\/554\/revisions"}],"predecessor-version":[{"id":4339,"href":"https:\/\/royalrangers.ch\/aufla-mittellandmitte\/wp-json\/wp\/v2\/pages\/554\/revisions\/4339"}],"wp:attachment":[{"href":"https:\/\/royalrangers.ch\/aufla-mittellandmitte\/wp-json\/wp\/v2\/media?parent=554"}],"curies":[{"name":"wp","href":"https:\/\/api.w.org\/{rel}","templated":true}]}}