{"id":557,"date":"2017-02-25T17:14:38","date_gmt":"2017-02-25T16:14:38","guid":{"rendered":"http:\/\/royal.websicherheit.at\/?page_id=557"},"modified":"2023-03-28T18:39:59","modified_gmt":"2023-03-28T16:39:59","slug":"regeln-am-event","status":"publish","type":"page","link":"https:\/\/royalrangers.ch\/aufla-mittellandmitte\/regeln-am-event\/","title":{"rendered":"Regeln am Event"},"content":{"rendered":"<div   class='avia-fullscreen-slider main_color   avia-builder-el-0  el_before_av_one_full  avia-builder-el-first  container_wrap sidebar_right'  ><a href='#next-section' title='' class='scroll-down-link av-control-default avia-svg-icon avia-font-svg_entypo-fontello' data-av_svg_icon='down-open-mini' data-av_iconset='svg_entypo-fontello'><svg version=\"1.1\" xmlns=\"http:\/\/www.w3.org\/2000\/svg\" width=\"15\" height=\"32\" viewBox=\"0 0 15 32\" preserveAspectRatio=\"xMidYMid meet\" aria-labelledby='av-svg-title-1' aria-describedby='av-svg-desc-1' role=\"graphics-symbol\" aria-hidden=\"true\">\n<title id='av-svg-title-1'>Scroll to next section<\/title>\n<desc id='av-svg-desc-1'>Scroll to next section<\/desc>\n<path d=\"M12.96 12.16q0.704-0.832 1.536 0 0.832 0.704 0 1.536l-6.272 6.144q-0.704 0.704-1.536 0l-6.272-6.144q-0.832-0.832 0-1.536 0.768-0.768 1.6 0l5.44 4.992z\"><\/path>\n<\/svg><\/a><div  class='avia-slideshow av-y319p-296b3791f80ca7a3d01eab6ce297643f avia-slideshow-extra_large av_fullscreen avia-slide-slider av-slideshow-ui av-control-default av-slideshow-manual av-loop-once av-loop-manual-endless av-slider-scroll-down-active av-default-height-applied   avia-slideshow-1' data-slideshow-options=\"{&quot;animation&quot;:&quot;slide&quot;,&quot;autoplay&quot;:false,&quot;loop_autoplay&quot;:&quot;once&quot;,&quot;interval&quot;:5,&quot;loop_manual&quot;:&quot;manual-endless&quot;,&quot;autoplay_stopper&quot;:false,&quot;noNavigation&quot;:false,&quot;bg_slider&quot;:true,&quot;keep_padding&quot;:false,&quot;hoverpause&quot;:false,&quot;show_slide_delay&quot;:0,&quot;slide_height&quot;:&quot;100&quot;,&quot;image_attachment&quot;:&quot;&quot;}\"  itemprop=\"image\" itemscope=\"itemscope\" itemtype=\"https:\/\/schema.org\/ImageObject\" ><ul class='avia-slideshow-inner ' style='padding-bottom: 51%;'><li style='background-position:Center Center;' data-img-url='https:\/\/royalrangers.ch\/aufla-mittellandmitte\/wp-content\/uploads\/DSC_032110-e1519333741767-1500x765.jpg' class='avia-slideshow-slide av-y319p-296b3791f80ca7a3d01eab6ce297643f__0  av-single-slide slide-1 slide-odd'><div data-rel='slideshow-1' class='avia-slide-wrap '   ><\/div><\/li><\/ul><\/div><\/div><div id='after_full_slider_1'  class='main_color av_default_container_wrap container_wrap sidebar_right'  ><div class='container av-section-cont-open' ><div class='template-page content  av-content-small alpha units'><div class='post-entry post-entry-type-page post-entry-557'><div class='entry-content-wrapper clearfix'>\n\n<style type=\"text\/css\" data-created_by=\"avia_inline_auto\" id=\"style-css-av-24w6d-cc0bdf4ea6091701efc2b1ee4332fe7e\">\n.flex_column.av-24w6d-cc0bdf4ea6091701efc2b1ee4332fe7e{\nborder-radius:0px 0px 0px 0px;\npadding:0px 0px 0px 0px;\n}\n<\/style>\n<div  class='flex_column av-24w6d-cc0bdf4ea6091701efc2b1ee4332fe7e av_one_full  avia-builder-el-1  el_after_av_fullscreen  avia-builder-el-no-sibling  first flex_column_div av-zero-column-padding  '     ><p>\n<style type=\"text\/css\" data-created_by=\"avia_inline_auto\" id=\"style-css-av-79wo5-0a8481d0968b24ce8f07aa89e033b478\">\n#top .av-special-heading.av-79wo5-0a8481d0968b24ce8f07aa89e033b478{\npadding-bottom:30px;\nfont-size:60px;\n}\nbody .av-special-heading.av-79wo5-0a8481d0968b24ce8f07aa89e033b478 .av-special-heading-tag .heading-char{\nfont-size:25px;\n}\n#top #wrap_all .av-special-heading.av-79wo5-0a8481d0968b24ce8f07aa89e033b478 .av-special-heading-tag{\nfont-size:60px;\n}\n.av-special-heading.av-79wo5-0a8481d0968b24ce8f07aa89e033b478 .av-subheading{\nfont-size:15px;\n}\n\n@media only screen and (min-width: 480px) and (max-width: 767px){ \n#top #wrap_all .av-special-heading.av-79wo5-0a8481d0968b24ce8f07aa89e033b478 .av-special-heading-tag{\nfont-size:0.8em;\n}\n}\n\n@media only screen and (max-width: 479px){ \n#top #wrap_all .av-special-heading.av-79wo5-0a8481d0968b24ce8f07aa89e033b478 .av-special-heading-tag{\nfont-size:0.8em;\n}\n}\n<\/style>\n<div  class='av-special-heading av-79wo5-0a8481d0968b24ce8f07aa89e033b478 av-special-heading-h2 blockquote modern-quote modern-centered  avia-builder-el-2  el_before_av_textblock  avia-builder-el-first  av-inherit-size'><h2 class='av-special-heading-tag '  itemprop=\"headline\"  >eventregeln.<\/h2><div class=\"special-heading-border\"><div class=\"special-heading-inner-border\"><\/div><\/div><\/div><br \/>\n<section  class='av_textblock_section av-bgqgd-0445d69d076a06550bb8cc68af942903 '   itemscope=\"itemscope\" itemtype=\"https:\/\/schema.org\/CreativeWork\" ><div class='avia_textblock'  itemprop=\"text\" ><h2><\/h2>\n<h2><\/h2>\n<h3>Disziplin<\/h3>\n<p>Der Teilnehmer verpflichtet sich, sich den Anordnungen der Eventleitung zu unterordnen. Wer diese missachtet, wird ohne Verg\u00fctung des Campbeitrages auf eigene Kosten nach Hause entlassen. F\u00fcr die R\u00fcckkehr des Teilnehmers sind die Eltern verantwortlich.<\/p>\n<h3>\u00dcbernachtung \/ Nachtruhe<\/h3>\n<p>Falls der Anlass eine \u00dcbernachtung beinhaltet, wird grunds\u00e4tzlich nach Geschlechtern getrennt \u00fcbernachtet. Ehepaare bilden hier eine Ausnahme.<br \/>\nDer Aufenthalt in einem Zimmer \/ Zelt des andern Geschlechts ist verboten. Die Nachtruhe nach Programm ist einzuhalten.<\/p>\n<h3>Seelsorgedienst<\/h3>\n<p>Seelsorgedienste und Gebetsdienste werden wenn immer m\u00f6glich, innerhalb des gleichen Geschlechtes wahrgenommen.<\/p>\n<h3>Suchtmittel \/ Elektronische Ger\u00e4te<\/h3>\n<p>Der Event wird suchtmittelfrei durchgef\u00fchrt. Wer Probleme mit Alkohol, Drogen, Rauchen etc. hat, meldet sich umgehend beim Hauptleiter, bzw. bei der Campleitung. Elektronische Ger\u00e4te (Handy, MP3, etc.) d\u00fcrfen im Rahmen der von der Campleitung gegebenen Richtlinien genutzt werden.<\/p>\n<h3>Teilnahme am Programm<\/h3>\n<p>Die Teilnahme am Programm ist obligatorisch. Ausnahmen k\u00f6nnen nur vom Hauptleiter oder von der Campleitung bewilligt werden.<\/p>\n<h3>Ausgang<\/h3>\n<p>Ein Aufenthalt ausserhalb des Lagerhauses oder des Camps muss durch die Eventleitung bewilligt werden.<\/p>\n<h3>Umgang mit Bandmaterial (Instrumenten)<\/h3>\n<p>Instrumente der Band d\u00fcrfen nur nach Absprache mit der Bandleitung benutzt werden.<\/p>\n<h3>Mitgliedschaft youthnet events<\/h3>\n<p>In der Zusammenarbeit mit Beh\u00f6rden (J+S) ist der Verein youthnet events auf eine bereite Mitgliederbasis angewiesen. Teilnehmer und Mitarbeiter an diesem Event werden Mitglied im Verein youthnet events. Die Mitgliedschaft beginnt mit der Anmeldung zu einem Anlass von youthnet events und dauert bis zum 31.12. des Anmeldejahres. Die Mitgliedschaft erlischt automatisch ab dem 1.1. des n\u00e4chsten Jahres. youthnet events erhebt keinen Mitgliederbeitrag. \u00dcber die Teilnahme am Event hinaus entstehen aus der Mitgliedschaft keine weiteren Verpflichtungen. Wer nicht Mitglied werden m\u00f6chte, kann dies per Mail an <u>sekretariat@youthnet.ch<\/u> mitteilen.<\/p>\n<p><span style=\"text-decoration: underline;\">Passivmitglieder:<\/span>\u00a0Alle Kinder und Jugendlichen, die an einem Event teilnehmen und j\u00fcnger sind als 16 Jahre. Die Voraussetzung daf\u00fcr ist das Einverst\u00e4ndnis der Erziehungsberechtigten bei der Anmeldung zum Event.<\/p>\n<p><span style=\"text-decoration: underline;\">Aktivmitglieder:<\/span>\u00a0\u00a0Alle Jugendlichen, die 16 Jahre oder \u00e4lter sind, die an Events teilnehmen und alle Mitarbeitenden und unterst\u00fctzenden Personen. Aktivmitglieder haben als Delegierte Stimmrecht an der GV.<\/p>\n<p>Die ordentliche Generalversammlung (GV) von youthnet events findet im Rahmen der Kadertagung im Herbst statt. Diese Information gilt als Einladung zur GV. Antr\u00e4ge von Mitgliedern m\u00fcssen bis 14 Tage vor der GV beim Sekretariat (<u>sekretariat@youthnet.ch<\/u>) zu Handen des Pr\u00e4sidenten eingereicht werden.<\/p>\n<\/div><\/section><\/p><\/div>\n","protected":false},"excerpt":{"rendered":"","protected":false},"author":1,"featured_media":0,"parent":0,"menu_order":0,"comment_status":"closed","ping_status":"closed","template":"","meta":{"footnotes":""},"class_list":["post-557","page","type-page","status-publish","hentry"],"_links":{"self":[{"href":"https:\/\/royalrangers.ch\/aufla-mittellandmitte\/wp-json\/wp\/v2\/pages\/557","targetHints":{"allow":["GET"]}}],"collection":[{"href":"https:\/\/royalrangers.ch\/aufla-mittellandmitte\/wp-json\/wp\/v2\/pages"}],"about":[{"href":"https:\/\/royalrangers.ch\/aufla-mittellandmitte\/wp-json\/wp\/v2\/types\/page"}],"author":[{"embeddable":true,"href":"https:\/\/royalrangers.ch\/aufla-mittellandmitte\/wp-json\/wp\/v2\/users\/1"}],"replies":[{"embeddable":true,"href":"https:\/\/royalrangers.ch\/aufla-mittellandmitte\/wp-json\/wp\/v2\/comments?post=557"}],"version-history":[{"count":5,"href":"https:\/\/royalrangers.ch\/aufla-mittellandmitte\/wp-json\/wp\/v2\/pages\/557\/revisions"}],"predecessor-version":[{"id":3696,"href":"https:\/\/royalrangers.ch\/aufla-mittellandmitte\/wp-json\/wp\/v2\/pages\/557\/revisions\/3696"}],"wp:attachment":[{"href":"https:\/\/royalrangers.ch\/aufla-mittellandmitte\/wp-json\/wp\/v2\/media?parent=557"}],"curies":[{"name":"wp","href":"https:\/\/api.w.org\/{rel}","templated":true}]}}